{"id":14,"date":"2022-02-07T19:47:09","date_gmt":"2022-02-07T19:47:09","guid":{"rendered":"https:\/\/sfba.com.br\/arroz-com-bola\/?page_id=14"},"modified":"2022-09-02T19:04:35","modified_gmt":"2022-09-02T19:04:35","slug":"home","status":"publish","type":"page","link":"https:\/\/sfba.com.br\/arroz-com-bola\/","title":{"rendered":"Home"},"content":{"rendered":"<p><a href=\"https:\/\/sfba.com.br\/\"><br \/>\n\t\t\t\t\t\t\t<img decoding=\"async\" src=\"https:\/\/sfba.com.br\/wp-content\/uploads\/2022\/01\/LOGO-SFBA.png\" title=\"\" alt=\"\" \/>\t\t\t\t\t\t\t\t<\/a><br \/>\n\t\t\t<a href=\"https:\/\/api.whatsapp.com\/send?phone=5511961229443&#038;text=Ol%C3%A1%2C%20gostaria%20de%20ter%20mais%20informa%C3%A7%C3%B5es\" role=\"button\"><br \/>\n\t\t\t\t\t\t11 96122-9443<br \/>\n\t\t\t\t\t<\/a><br \/>\n\t\t\t\t\t\t\t\t\t\t\t\t\t\t\t\t<a href=\"https:\/\/sfba.com.br\/\"><br \/>\n\t\t\t\t\t\t\t<img decoding=\"async\" src=\"https:\/\/sfba.com.br\/wp-content\/uploads\/2022\/01\/LOGO-SFBA.png\" title=\"\" alt=\"\" \/>\t\t\t\t\t\t\t\t<\/a><br \/>\n\t\t\t\t\t\t\t\t\t\t\t\t\t\t\t<img decoding=\"async\" width=\"1024\" height=\"702\" src=\"https:\/\/sfba.com.br\/arroz-com-bola\/wp-content\/uploads\/2022\/02\/Arroz-com-Bola-SFBA-1024x702.png\" alt=\"\" loading=\"lazy\" srcset=\"https:\/\/sfba.com.br\/arroz-com-bola\/wp-content\/uploads\/2022\/02\/Arroz-com-Bola-SFBA-1024x702.png 1024w, https:\/\/sfba.com.br\/arroz-com-bola\/wp-content\/uploads\/2022\/02\/Arroz-com-Bola-SFBA-300x206.png 300w, https:\/\/sfba.com.br\/arroz-com-bola\/wp-content\/uploads\/2022\/02\/Arroz-com-Bola-SFBA-768x527.png 768w, https:\/\/sfba.com.br\/arroz-com-bola\/wp-content\/uploads\/2022\/02\/Arroz-com-Bola-SFBA-1536x1053.png 1536w, https:\/\/sfba.com.br\/arroz-com-bola\/wp-content\/uploads\/2022\/02\/Arroz-com-Bola-SFBA-2048x1404.png 2048w\" sizes=\"auto, (max-width: 1024px) 100vw, 1024px\" \/>\t\t\t\t\t\t\t\t\t\t\t\t\t\t\t<\/p>\n<h2>Nossos Programas:<\/h2>\n<h2>Arroz com bola<\/h2>\n<h2>Seguran\u00e7a alimentar<\/h2>\n<h2>Desenvolvemos uma cl\u00ednica de futebol em bairros carentes, espa\u00e7o para integrarmos as crian\u00e7as e suas fam\u00edlias e conscientizarmos a todos sobre o impacto que o esporte tem sobre a sa\u00fade, a educa\u00e7\u00e3o e o desenvolvimento do ser humano.<\/p>\n<p>No final da atividade, cada crian\u00e7a recebe a doa\u00e7\u00e3o de 3 quilos de arroz.<\/p>\n<p>Tudo isso acontece em um ambiente de sociabilidade e partilha.<br \/>\n<\/h2>\n<p>\t\t\t\t\t\t\t\t\t\t\t\t\t\t\t<img decoding=\"async\" width=\"1024\" height=\"749\" src=\"https:\/\/sfba.com.br\/arroz-com-bola\/wp-content\/uploads\/2022\/02\/Arroz-com-Bola-SFBA.com-x-1.jpg\" alt=\"\" loading=\"lazy\" srcset=\"https:\/\/sfba.com.br\/arroz-com-bola\/wp-content\/uploads\/2022\/02\/Arroz-com-Bola-SFBA.com-x-1.jpg 1024w, https:\/\/sfba.com.br\/arroz-com-bola\/wp-content\/uploads\/2022\/02\/Arroz-com-Bola-SFBA.com-x-1-300x219.jpg 300w, https:\/\/sfba.com.br\/arroz-com-bola\/wp-content\/uploads\/2022\/02\/Arroz-com-Bola-SFBA.com-x-1-768x562.jpg 768w\" sizes=\"auto, (max-width: 1024px) 100vw, 1024px\" \/><br \/>\n\t\t\t\t\t\t\t\t\t\t\t\t\t\t\t<img decoding=\"async\" width=\"1024\" height=\"749\" src=\"https:\/\/sfba.com.br\/arroz-com-bola\/wp-content\/uploads\/2022\/02\/Arroz-com-Bola-SFBA.com-x-2.jpg\" alt=\"\" loading=\"lazy\" srcset=\"https:\/\/sfba.com.br\/arroz-com-bola\/wp-content\/uploads\/2022\/02\/Arroz-com-Bola-SFBA.com-x-2.jpg 1024w, https:\/\/sfba.com.br\/arroz-com-bola\/wp-content\/uploads\/2022\/02\/Arroz-com-Bola-SFBA.com-x-2-300x219.jpg 300w, https:\/\/sfba.com.br\/arroz-com-bola\/wp-content\/uploads\/2022\/02\/Arroz-com-Bola-SFBA.com-x-2-768x562.jpg 768w\" sizes=\"auto, (max-width: 1024px) 100vw, 1024px\" \/><br \/>\n\t\t\t\t\t\t\t\t\t\t\t\t\t\t\t<img decoding=\"async\" width=\"1024\" height=\"749\" src=\"https:\/\/sfba.com.br\/arroz-com-bola\/wp-content\/uploads\/2022\/02\/Arroz-com-Bola-SFBA.com-x-3.jpg\" alt=\"\" loading=\"lazy\" srcset=\"https:\/\/sfba.com.br\/arroz-com-bola\/wp-content\/uploads\/2022\/02\/Arroz-com-Bola-SFBA.com-x-3.jpg 1024w, https:\/\/sfba.com.br\/arroz-com-bola\/wp-content\/uploads\/2022\/02\/Arroz-com-Bola-SFBA.com-x-3-300x219.jpg 300w, https:\/\/sfba.com.br\/arroz-com-bola\/wp-content\/uploads\/2022\/02\/Arroz-com-Bola-SFBA.com-x-3-768x562.jpg 768w\" sizes=\"auto, (max-width: 1024px) 100vw, 1024px\" \/><br \/>\n\t\t\t\t\t\t\t\t\t\t\t\t\t\t\t<img decoding=\"async\" width=\"1024\" height=\"749\" src=\"https:\/\/sfba.com.br\/arroz-com-bola\/wp-content\/uploads\/2022\/02\/Arroz-com-Bola-SFBA.com-x-4.jpg\" alt=\"\" loading=\"lazy\" srcset=\"https:\/\/sfba.com.br\/arroz-com-bola\/wp-content\/uploads\/2022\/02\/Arroz-com-Bola-SFBA.com-x-4.jpg 1024w, https:\/\/sfba.com.br\/arroz-com-bola\/wp-content\/uploads\/2022\/02\/Arroz-com-Bola-SFBA.com-x-4-300x219.jpg 300w, https:\/\/sfba.com.br\/arroz-com-bola\/wp-content\/uploads\/2022\/02\/Arroz-com-Bola-SFBA.com-x-4-768x562.jpg 768w\" sizes=\"auto, (max-width: 1024px) 100vw, 1024px\" \/><br \/>\n\t\t\t\t\t\t\t\t\t\t\t\t\t\t\t<img decoding=\"async\" width=\"1024\" height=\"749\" src=\"https:\/\/sfba.com.br\/arroz-com-bola\/wp-content\/uploads\/2022\/02\/Arroz-com-Bola-SFBA.com-x-5.jpg\" alt=\"\" loading=\"lazy\" srcset=\"https:\/\/sfba.com.br\/arroz-com-bola\/wp-content\/uploads\/2022\/02\/Arroz-com-Bola-SFBA.com-x-5.jpg 1024w, https:\/\/sfba.com.br\/arroz-com-bola\/wp-content\/uploads\/2022\/02\/Arroz-com-Bola-SFBA.com-x-5-300x219.jpg 300w, https:\/\/sfba.com.br\/arroz-com-bola\/wp-content\/uploads\/2022\/02\/Arroz-com-Bola-SFBA.com-x-5-768x562.jpg 768w\" sizes=\"auto, (max-width: 1024px) 100vw, 1024px\" \/><br \/>\n\t\t\t\t\t\t\t\t\t\t\t\t\t\t\t<img decoding=\"async\" width=\"1024\" height=\"749\" src=\"https:\/\/sfba.com.br\/arroz-com-bola\/wp-content\/uploads\/2022\/02\/Arroz-com-Bola-SFBA.com-x-6.jpg\" alt=\"\" loading=\"lazy\" srcset=\"https:\/\/sfba.com.br\/arroz-com-bola\/wp-content\/uploads\/2022\/02\/Arroz-com-Bola-SFBA.com-x-6.jpg 1024w, https:\/\/sfba.com.br\/arroz-com-bola\/wp-content\/uploads\/2022\/02\/Arroz-com-Bola-SFBA.com-x-6-300x219.jpg 300w, https:\/\/sfba.com.br\/arroz-com-bola\/wp-content\/uploads\/2022\/02\/Arroz-com-Bola-SFBA.com-x-6-768x562.jpg 768w\" sizes=\"auto, (max-width: 1024px) 100vw, 1024px\" \/><br \/>\n\t\t\t\t\t\t\t\t\t\t\t\t\t\t\t<img decoding=\"async\" width=\"1024\" height=\"749\" src=\"https:\/\/sfba.com.br\/arroz-com-bola\/wp-content\/uploads\/2022\/02\/Arroz-com-Bola-SFBA.com-x-7.jpg\" alt=\"\" loading=\"lazy\" srcset=\"https:\/\/sfba.com.br\/arroz-com-bola\/wp-content\/uploads\/2022\/02\/Arroz-com-Bola-SFBA.com-x-7.jpg 1024w, https:\/\/sfba.com.br\/arroz-com-bola\/wp-content\/uploads\/2022\/02\/Arroz-com-Bola-SFBA.com-x-7-300x219.jpg 300w, https:\/\/sfba.com.br\/arroz-com-bola\/wp-content\/uploads\/2022\/02\/Arroz-com-Bola-SFBA.com-x-7-768x562.jpg 768w\" sizes=\"auto, (max-width: 1024px) 100vw, 1024px\" \/><br \/>\n\t\t\t\t\t\t\t\t\t\t\t\t\t\t\t<img decoding=\"async\" width=\"1024\" height=\"749\" src=\"https:\/\/sfba.com.br\/arroz-com-bola\/wp-content\/uploads\/2022\/02\/Arroz-com-Bola-SFBA.com-x-10.jpg\" alt=\"\" loading=\"lazy\" srcset=\"https:\/\/sfba.com.br\/arroz-com-bola\/wp-content\/uploads\/2022\/02\/Arroz-com-Bola-SFBA.com-x-10.jpg 1024w, https:\/\/sfba.com.br\/arroz-com-bola\/wp-content\/uploads\/2022\/02\/Arroz-com-Bola-SFBA.com-x-10-300x219.jpg 300w, https:\/\/sfba.com.br\/arroz-com-bola\/wp-content\/uploads\/2022\/02\/Arroz-com-Bola-SFBA.com-x-10-768x562.jpg 768w\" sizes=\"auto, (max-width: 1024px) 100vw, 1024px\" \/><br \/>\n\t\t\t\t\t\t\t\t\t\t\t\t\t\t\t<img decoding=\"async\" width=\"1024\" height=\"749\" src=\"https:\/\/sfba.com.br\/arroz-com-bola\/wp-content\/uploads\/2022\/02\/Arroz-com-Bola-SFBA.com-x-11.jpg\" alt=\"\" loading=\"lazy\" srcset=\"https:\/\/sfba.com.br\/arroz-com-bola\/wp-content\/uploads\/2022\/02\/Arroz-com-Bola-SFBA.com-x-11.jpg 1024w, https:\/\/sfba.com.br\/arroz-com-bola\/wp-content\/uploads\/2022\/02\/Arroz-com-Bola-SFBA.com-x-11-300x219.jpg 300w, https:\/\/sfba.com.br\/arroz-com-bola\/wp-content\/uploads\/2022\/02\/Arroz-com-Bola-SFBA.com-x-11-768x562.jpg 768w\" sizes=\"auto, (max-width: 1024px) 100vw, 1024px\" \/><br \/>\n\t\t\t\t\t\t\t\t\t\t\t\t\t\t\t<img decoding=\"async\" width=\"1024\" height=\"185\" src=\"https:\/\/sfba.com.br\/arroz-com-bola\/wp-content\/uploads\/2022\/02\/LOGO-SFBA-1024x185.png\" alt=\"\" loading=\"lazy\" srcset=\"https:\/\/sfba.com.br\/arroz-com-bola\/wp-content\/uploads\/2022\/02\/LOGO-SFBA-1024x185.png 1024w, https:\/\/sfba.com.br\/arroz-com-bola\/wp-content\/uploads\/2022\/02\/LOGO-SFBA-300x54.png 300w, https:\/\/sfba.com.br\/arroz-com-bola\/wp-content\/uploads\/2022\/02\/LOGO-SFBA-768x139.png 768w, https:\/\/sfba.com.br\/arroz-com-bola\/wp-content\/uploads\/2022\/02\/LOGO-SFBA-1536x278.png 1536w, https:\/\/sfba.com.br\/arroz-com-bola\/wp-content\/uploads\/2022\/02\/LOGO-SFBA.png 2000w\" sizes=\"auto, (max-width: 1024px) 100vw, 1024px\" \/>\t\t\t\t\t\t\t\t\t\t\t\t\t\t\t<\/p>\n<h2>\u00a92022 <B>SFBA<\/B>. Todos os direitos reservados.<\/h2>\n","protected":false},"excerpt":{"rendered":"<p>11 96122-9443 Nossos Programas: Arroz com bola Seguran\u00e7a alimentar Desenvolvemos uma cl\u00ednica de futebol em bairros carentes, espa\u00e7o para integrarmos as crian\u00e7as e suas fam\u00edlias e conscientizarmos a todos sobre o impacto que o esporte tem sobre a sa\u00fade, a educa\u00e7\u00e3o e o desenvolvimento do ser humano. No final da atividade, cada crian\u00e7a recebe a [&hellip;]<\/p>\n","protected":false},"author":1,"featured_media":0,"parent":0,"menu_order":0,"comment_status":"closed","ping_status":"closed","template":"elementor_canvas","meta":{"pagelayer_contact_templates":[],"_pagelayer_content":"","footnotes":""},"class_list":["post-14","page","type-page","status-publish","hentry"],"_links":{"self":[{"href":"https:\/\/sfba.com.br\/arroz-com-bola\/wp-json\/wp\/v2\/pages\/14","targetHints":{"allow":["GET"]}}],"collection":[{"href":"https:\/\/sfba.com.br\/arroz-com-bola\/wp-json\/wp\/v2\/pages"}],"about":[{"href":"https:\/\/sfba.com.br\/arroz-com-bola\/wp-json\/wp\/v2\/types\/page"}],"author":[{"embeddable":true,"href":"https:\/\/sfba.com.br\/arroz-com-bola\/wp-json\/wp\/v2\/users\/1"}],"replies":[{"embeddable":true,"href":"https:\/\/sfba.com.br\/arroz-com-bola\/wp-json\/wp\/v2\/comments?post=14"}],"version-history":[{"count":34,"href":"https:\/\/sfba.com.br\/arroz-com-bola\/wp-json\/wp\/v2\/pages\/14\/revisions"}],"predecessor-version":[{"id":104,"href":"https:\/\/sfba.com.br\/arroz-com-bola\/wp-json\/wp\/v2\/pages\/14\/revisions\/104"}],"wp:attachment":[{"href":"https:\/\/sfba.com.br\/arroz-com-bola\/wp-json\/wp\/v2\/media?parent=14"}],"curies":[{"name":"wp","href":"https:\/\/api.w.org\/{rel}","templated":true}]}}