{"id":14,"date":"2022-02-07T19:47:03","date_gmt":"2022-02-07T19:47:03","guid":{"rendered":"https:\/\/sfba.com.br\/escola-futebol\/?page_id=14"},"modified":"2022-09-02T19:03:52","modified_gmt":"2022-09-02T19:03:52","slug":"home","status":"publish","type":"page","link":"https:\/\/sfba.com.br\/escola-futebol\/","title":{"rendered":"Home"},"content":{"rendered":"<p><a href=\"https:\/\/sfba.com.br\/\"><br \/>\n\t\t\t\t\t\t\t<img decoding=\"async\" width=\"1024\" height=\"185\" src=\"https:\/\/sfba.com.br\/escola-futebol\/wp-content\/uploads\/2022\/02\/LOGO-SFBA-1024x185.png\" alt=\"\" loading=\"lazy\" srcset=\"https:\/\/sfba.com.br\/escola-futebol\/wp-content\/uploads\/2022\/02\/LOGO-SFBA-1024x185.png 1024w, https:\/\/sfba.com.br\/escola-futebol\/wp-content\/uploads\/2022\/02\/LOGO-SFBA-300x54.png 300w, https:\/\/sfba.com.br\/escola-futebol\/wp-content\/uploads\/2022\/02\/LOGO-SFBA-768x139.png 768w, https:\/\/sfba.com.br\/escola-futebol\/wp-content\/uploads\/2022\/02\/LOGO-SFBA-1536x278.png 1536w, https:\/\/sfba.com.br\/escola-futebol\/wp-content\/uploads\/2022\/02\/LOGO-SFBA.png 2000w\" sizes=\"auto, (max-width: 1024px) 100vw, 1024px\" \/>\t\t\t\t\t\t\t\t<\/a><br \/>\n\t\t\t<a href=\"https:\/\/api.whatsapp.com\/send?phone=5511961229443&#038;text=Ol%C3%A1%2C%20gostaria%20de%20ter%20mais%20informa%C3%A7%C3%B5es\" role=\"button\"><br \/>\n\t\t\t\t\t\t11 96122-9443<br \/>\n\t\t\t\t\t<\/a><br \/>\n\t\t\t\t\t\t\t\t\t\t\t\t\t\t\t\t<a href=\"https:\/\/sfba.com.br\/\"><br \/>\n\t\t\t\t\t\t\t<img decoding=\"async\" width=\"1024\" height=\"185\" src=\"https:\/\/sfba.com.br\/escola-futebol\/wp-content\/uploads\/2022\/02\/LOGO-SFBA-1024x185.png\" alt=\"\" loading=\"lazy\" srcset=\"https:\/\/sfba.com.br\/escola-futebol\/wp-content\/uploads\/2022\/02\/LOGO-SFBA-1024x185.png 1024w, https:\/\/sfba.com.br\/escola-futebol\/wp-content\/uploads\/2022\/02\/LOGO-SFBA-300x54.png 300w, https:\/\/sfba.com.br\/escola-futebol\/wp-content\/uploads\/2022\/02\/LOGO-SFBA-768x139.png 768w, https:\/\/sfba.com.br\/escola-futebol\/wp-content\/uploads\/2022\/02\/LOGO-SFBA-1536x278.png 1536w, https:\/\/sfba.com.br\/escola-futebol\/wp-content\/uploads\/2022\/02\/LOGO-SFBA.png 2000w\" sizes=\"auto, (max-width: 1024px) 100vw, 1024px\" \/>\t\t\t\t\t\t\t\t<\/a><br \/>\n\t\t\t\t\t\t\t\t\t\t\t\t\t\t\t<img decoding=\"async\" width=\"1024\" height=\"795\" src=\"https:\/\/sfba.com.br\/escola-futebol\/wp-content\/uploads\/2022\/02\/Escola-de-Futebol-SFBA-1024x795.png\" alt=\"\" loading=\"lazy\" srcset=\"https:\/\/sfba.com.br\/escola-futebol\/wp-content\/uploads\/2022\/02\/Escola-de-Futebol-SFBA-1024x795.png 1024w, https:\/\/sfba.com.br\/escola-futebol\/wp-content\/uploads\/2022\/02\/Escola-de-Futebol-SFBA-300x233.png 300w, https:\/\/sfba.com.br\/escola-futebol\/wp-content\/uploads\/2022\/02\/Escola-de-Futebol-SFBA-768x596.png 768w, https:\/\/sfba.com.br\/escola-futebol\/wp-content\/uploads\/2022\/02\/Escola-de-Futebol-SFBA-1536x1193.png 1536w, https:\/\/sfba.com.br\/escola-futebol\/wp-content\/uploads\/2022\/02\/Escola-de-Futebol-SFBA-2048x1590.png 2048w\" sizes=\"auto, (max-width: 1024px) 100vw, 1024px\" \/>\t\t\t\t\t\t\t\t\t\t\t\t\t\t\t<\/p>\n<h2>Escola de futebol<\/h2>\n<h2>Esporte e Cidadania:<\/h2>\n<h2>Com atividades tr\u00eas vezes por semana, os alunos se desenvolvem no esporte e aprendem sobre solidariedade, trabalho em equipe, respeito e tomada de decis\u00e3o.<\/p>\n<p>Dentre as atividades pr\u00e1ticas, incluem-se teste de aptid\u00e3o f\u00edsica, treinos com foco em t\u00e9cnica e t\u00e1tica, aprimoramento de coordena\u00e7\u00e3o motora e plano de desenvolvimento por faixa et\u00e1ria. <\/h2>\n<figure>\n\t\t\t\t\t\t\t\t\t\t<img decoding=\"async\" width=\"1024\" height=\"768\" src=\"https:\/\/sfba.com.br\/escola-futebol\/wp-content\/uploads\/2022\/04\/sub10.jpeg\" alt=\"Time Sub-10\" loading=\"lazy\" srcset=\"https:\/\/sfba.com.br\/escola-futebol\/wp-content\/uploads\/2022\/04\/sub10.jpeg 1024w, https:\/\/sfba.com.br\/escola-futebol\/wp-content\/uploads\/2022\/04\/sub10-300x225.jpeg 300w, https:\/\/sfba.com.br\/escola-futebol\/wp-content\/uploads\/2022\/04\/sub10-768x576.jpeg 768w\" sizes=\"auto, (max-width: 1024px) 100vw, 1024px\" \/><figcaption>Time Sub-10<\/figcaption><\/figure>\n<figure>\n\t\t\t\t\t\t\t\t\t\t<img decoding=\"async\" width=\"1024\" height=\"768\" src=\"https:\/\/sfba.com.br\/escola-futebol\/wp-content\/uploads\/2022\/04\/sub11.jpeg\" alt=\"Time Sub-11\" loading=\"lazy\" srcset=\"https:\/\/sfba.com.br\/escola-futebol\/wp-content\/uploads\/2022\/04\/sub11.jpeg 1024w, https:\/\/sfba.com.br\/escola-futebol\/wp-content\/uploads\/2022\/04\/sub11-300x225.jpeg 300w, https:\/\/sfba.com.br\/escola-futebol\/wp-content\/uploads\/2022\/04\/sub11-768x576.jpeg 768w\" sizes=\"auto, (max-width: 1024px) 100vw, 1024px\" \/><figcaption>Time Sub-11<\/figcaption><\/figure>\n<figure>\n\t\t\t\t\t\t\t\t\t\t<img decoding=\"async\" width=\"1024\" height=\"768\" src=\"https:\/\/sfba.com.br\/escola-futebol\/wp-content\/uploads\/2022\/04\/sub12.jpeg\" alt=\"Time Sub-12\" loading=\"lazy\" srcset=\"https:\/\/sfba.com.br\/escola-futebol\/wp-content\/uploads\/2022\/04\/sub12.jpeg 1024w, https:\/\/sfba.com.br\/escola-futebol\/wp-content\/uploads\/2022\/04\/sub12-300x225.jpeg 300w, https:\/\/sfba.com.br\/escola-futebol\/wp-content\/uploads\/2022\/04\/sub12-768x576.jpeg 768w\" sizes=\"auto, (max-width: 1024px) 100vw, 1024px\" \/><figcaption>Time Sub-12<\/figcaption><\/figure>\n<figure>\n\t\t\t\t\t\t\t\t\t\t<img decoding=\"async\" width=\"1024\" height=\"768\" src=\"https:\/\/sfba.com.br\/escola-futebol\/wp-content\/uploads\/2022\/04\/sub13-1.jpeg\" alt=\"Time Sub-13\" loading=\"lazy\" srcset=\"https:\/\/sfba.com.br\/escola-futebol\/wp-content\/uploads\/2022\/04\/sub13-1.jpeg 1024w, https:\/\/sfba.com.br\/escola-futebol\/wp-content\/uploads\/2022\/04\/sub13-1-300x225.jpeg 300w, https:\/\/sfba.com.br\/escola-futebol\/wp-content\/uploads\/2022\/04\/sub13-1-768x576.jpeg 768w\" sizes=\"auto, (max-width: 1024px) 100vw, 1024px\" \/><figcaption>Time Sub-13<\/figcaption><\/figure>\n<figure>\n\t\t\t\t\t\t\t\t\t\t\t<a href=\"https:\/\/sfba.com.br\/escola-futebol\/sub20\/\"><br \/>\n\t\t\t\t\t\t\t<img decoding=\"async\" width=\"1024\" height=\"768\" src=\"https:\/\/sfba.com.br\/escola-futebol\/wp-content\/uploads\/2022\/04\/sub20.jpeg\" alt=\"Time Sub-20\" loading=\"lazy\" srcset=\"https:\/\/sfba.com.br\/escola-futebol\/wp-content\/uploads\/2022\/04\/sub20.jpeg 1024w, https:\/\/sfba.com.br\/escola-futebol\/wp-content\/uploads\/2022\/04\/sub20-300x225.jpeg 300w, https:\/\/sfba.com.br\/escola-futebol\/wp-content\/uploads\/2022\/04\/sub20-768x576.jpeg 768w\" sizes=\"auto, (max-width: 1024px) 100vw, 1024px\" \/>\t\t\t\t\t\t\t\t<\/a><figcaption>Time Sub-20<\/figcaption><\/figure>\n<p>\t\t\t\t\t\t\t\t\t\t\t\t\t\t\t<img decoding=\"async\" width=\"1024\" height=\"185\" src=\"https:\/\/sfba.com.br\/escola-futebol\/wp-content\/uploads\/2022\/02\/LOGO-SFBA-1024x185.png\" alt=\"\" loading=\"lazy\" srcset=\"https:\/\/sfba.com.br\/escola-futebol\/wp-content\/uploads\/2022\/02\/LOGO-SFBA-1024x185.png 1024w, https:\/\/sfba.com.br\/escola-futebol\/wp-content\/uploads\/2022\/02\/LOGO-SFBA-300x54.png 300w, https:\/\/sfba.com.br\/escola-futebol\/wp-content\/uploads\/2022\/02\/LOGO-SFBA-768x139.png 768w, https:\/\/sfba.com.br\/escola-futebol\/wp-content\/uploads\/2022\/02\/LOGO-SFBA-1536x278.png 1536w, https:\/\/sfba.com.br\/escola-futebol\/wp-content\/uploads\/2022\/02\/LOGO-SFBA.png 2000w\" sizes=\"auto, (max-width: 1024px) 100vw, 1024px\" \/>\t\t\t\t\t\t\t\t\t\t\t\t\t\t\t<\/p>\n<h2>\u00a92022 <B>SFBA<\/B>. Todos os direitos reservados.<\/h2>\n","protected":false},"excerpt":{"rendered":"<p>11 96122-9443 Escola de futebol Esporte e Cidadania: Com atividades tr\u00eas vezes por semana, os alunos se desenvolvem no esporte e aprendem sobre solidariedade, trabalho em equipe, respeito e tomada de decis\u00e3o. Dentre as atividades pr\u00e1ticas, incluem-se teste de aptid\u00e3o f\u00edsica, treinos com foco em t\u00e9cnica e t\u00e1tica, aprimoramento de coordena\u00e7\u00e3o motora e plano de [&hellip;]<\/p>\n","protected":false},"author":1,"featured_media":0,"parent":0,"menu_order":0,"comment_status":"closed","ping_status":"closed","template":"elementor_canvas","meta":{"pagelayer_contact_templates":[],"_pagelayer_content":"","footnotes":""},"class_list":["post-14","page","type-page","status-publish","hentry"],"_links":{"self":[{"href":"https:\/\/sfba.com.br\/escola-futebol\/wp-json\/wp\/v2\/pages\/14","targetHints":{"allow":["GET"]}}],"collection":[{"href":"https:\/\/sfba.com.br\/escola-futebol\/wp-json\/wp\/v2\/pages"}],"about":[{"href":"https:\/\/sfba.com.br\/escola-futebol\/wp-json\/wp\/v2\/types\/page"}],"author":[{"embeddable":true,"href":"https:\/\/sfba.com.br\/escola-futebol\/wp-json\/wp\/v2\/users\/1"}],"replies":[{"embeddable":true,"href":"https:\/\/sfba.com.br\/escola-futebol\/wp-json\/wp\/v2\/comments?post=14"}],"version-history":[{"count":70,"href":"https:\/\/sfba.com.br\/escola-futebol\/wp-json\/wp\/v2\/pages\/14\/revisions"}],"predecessor-version":[{"id":228,"href":"https:\/\/sfba.com.br\/escola-futebol\/wp-json\/wp\/v2\/pages\/14\/revisions\/228"}],"wp:attachment":[{"href":"https:\/\/sfba.com.br\/escola-futebol\/wp-json\/wp\/v2\/media?parent=14"}],"curies":[{"name":"wp","href":"https:\/\/api.w.org\/{rel}","templated":true}]}}